{"id":1173,"date":"2025-06-25T11:33:40","date_gmt":"2025-06-25T11:33:40","guid":{"rendered":"https:\/\/yeisonmontealegre.com\/wishlist\/"},"modified":"2025-06-25T12:03:14","modified_gmt":"2025-06-25T12:03:14","slug":"wishlist","status":"publish","type":"page","link":"https:\/\/yeisonmontealegre.com\/ca\/wishlist\/","title":{"rendered":"Wishlist"},"content":{"rendered":"","protected":false},"excerpt":{"rendered":"","protected":false},"author":0,"featured_media":0,"parent":0,"menu_order":0,"comment_status":"open","ping_status":"closed","template":"","meta":{"_acf_changed":false,"iawp_total_views":0,"footnotes":""},"class_list":["post-1173","page","type-page","status-publish","hentry"],"acf":[],"yoast_head":"<!-- This site is optimized with the Yoast SEO plugin v27.3 - https:\/\/yoast.com\/product\/yoast-seo-wordpress\/ -->\n<title>Yeison Montealegre - Di\u00e1logo Accesible<\/title>\n<meta name=\"description\" content=\"Explora el contenido de Yeison Montealegre con un enfoque inclusivo y accesible a trav\u00e9s de un di\u00e1logo modal especializado en optimizaci\u00f3n web.\" \/>\n<meta name=\"robots\" content=\"index, follow, max-snippet:-1, max-image-preview:large, max-video-preview:-1\" \/>\n<link rel=\"canonical\" href=\"https:\/\/yeisonmontealegre.com\/ca\/wishlist\/\" \/>\n<meta property=\"og:locale\" content=\"ca_ES\" \/>\n<meta property=\"og:type\" content=\"article\" \/>\n<meta property=\"og:title\" content=\"Yeison Montealegre - Di\u00e1logo Accesible\" \/>\n<meta property=\"og:description\" content=\"Explora el contenido de Yeison Montealegre con un enfoque inclusivo y accesible a trav\u00e9s de un di\u00e1logo modal especializado en optimizaci\u00f3n web.\" \/>\n<meta property=\"og:url\" content=\"https:\/\/yeisonmontealegre.com\/ca\/wishlist\/\" \/>\n<meta property=\"og:site_name\" content=\"Yeison Montealegre\" \/>\n<meta property=\"article:modified_time\" content=\"2025-06-25T12:03:14+00:00\" \/>\n<meta name=\"twitter:card\" content=\"summary_large_image\" \/>\n<!-- \/ Yoast SEO plugin. -->","yoast_head_json":{"title":"Yeison Montealegre - Di\u00e1logo Accesible","description":"Explora el contenido de Yeison Montealegre con un enfoque inclusivo y accesible a trav\u00e9s de un di\u00e1logo modal especializado en optimizaci\u00f3n web.","robots":{"index":"index","follow":"follow","max-snippet":"max-snippet:-1","max-image-preview":"max-image-preview:large","max-video-preview":"max-video-preview:-1"},"canonical":"https:\/\/yeisonmontealegre.com\/ca\/wishlist\/","og_locale":"ca_ES","og_type":"article","og_title":"Yeison Montealegre - Di\u00e1logo Accesible","og_description":"Explora el contenido de Yeison Montealegre con un enfoque inclusivo y accesible a trav\u00e9s de un di\u00e1logo modal especializado en optimizaci\u00f3n web.","og_url":"https:\/\/yeisonmontealegre.com\/ca\/wishlist\/","og_site_name":"Yeison Montealegre","article_modified_time":"2025-06-25T12:03:14+00:00","twitter_card":"summary_large_image","schema":{"@context":"https:\/\/schema.org","@graph":[{"@type":"WebPage","@id":"https:\/\/yeisonmontealegre.com\/ca\/wishlist\/","url":"https:\/\/yeisonmontealegre.com\/ca\/wishlist\/","name":"Yeison Montealegre - Di\u00e1logo Accesible","isPartOf":{"@id":"https:\/\/yeisonmontealegre.com\/ca\/#website"},"datePublished":"2025-06-25T11:33:40+00:00","dateModified":"2025-06-25T12:03:14+00:00","description":"Explora el contenido de Yeison Montealegre con un enfoque inclusivo y accesible a trav\u00e9s de un di\u00e1logo modal especializado en optimizaci\u00f3n web.","breadcrumb":{"@id":"https:\/\/yeisonmontealegre.com\/ca\/wishlist\/#breadcrumb"},"inLanguage":"ca","potentialAction":[{"@type":"ReadAction","target":["https:\/\/yeisonmontealegre.com\/ca\/wishlist\/"]}]},{"@type":"BreadcrumbList","@id":"https:\/\/yeisonmontealegre.com\/ca\/wishlist\/#breadcrumb","itemListElement":[{"@type":"ListItem","position":1,"name":"Portada","item":"https:\/\/yeisonmontealegre.com\/ca\/"},{"@type":"ListItem","position":2,"name":"Wishlist"}]},{"@type":"WebSite","@id":"https:\/\/yeisonmontealegre.com\/ca\/#website","url":"https:\/\/yeisonmontealegre.com\/ca\/","name":"Yeison Montealegre","description":"","publisher":{"@id":"https:\/\/yeisonmontealegre.com\/ca\/#organization"},"potentialAction":[{"@type":"SearchAction","target":{"@type":"EntryPoint","urlTemplate":"https:\/\/yeisonmontealegre.com\/ca\/?s={search_term_string}"},"query-input":{"@type":"PropertyValueSpecification","valueRequired":true,"valueName":"search_term_string"}}],"inLanguage":"ca"},{"@type":"Organization","@id":"https:\/\/yeisonmontealegre.com\/ca\/#organization","name":"Yeison Montealegre","url":"https:\/\/yeisonmontealegre.com\/ca\/","logo":{"@type":"ImageObject","inLanguage":"ca","@id":"https:\/\/yeisonmontealegre.com\/ca\/#\/schema\/logo\/image\/","url":"https:\/\/yeisonmontealegre.com\/wp-content\/uploads\/2025\/05\/Leonardo_Phoenix_09_Diseo_un_logotipo_elegante_para_Yeison_Mon_0.jpg","contentUrl":"https:\/\/yeisonmontealegre.com\/wp-content\/uploads\/2025\/05\/Leonardo_Phoenix_09_Diseo_un_logotipo_elegante_para_Yeison_Mon_0.jpg","width":768,"height":768,"caption":"Yeison Montealegre"},"image":{"@id":"https:\/\/yeisonmontealegre.com\/ca\/#\/schema\/logo\/image\/"}}]}},"_links":{"self":[{"href":"https:\/\/yeisonmontealegre.com\/ca\/wp-json\/wp\/v2\/pages\/1173","targetHints":{"allow":["GET"]}}],"collection":[{"href":"https:\/\/yeisonmontealegre.com\/ca\/wp-json\/wp\/v2\/pages"}],"about":[{"href":"https:\/\/yeisonmontealegre.com\/ca\/wp-json\/wp\/v2\/types\/page"}],"replies":[{"embeddable":true,"href":"https:\/\/yeisonmontealegre.com\/ca\/wp-json\/wp\/v2\/comments?post=1173"}],"version-history":[{"count":1,"href":"https:\/\/yeisonmontealegre.com\/ca\/wp-json\/wp\/v2\/pages\/1173\/revisions"}],"predecessor-version":[{"id":2095,"href":"https:\/\/yeisonmontealegre.com\/ca\/wp-json\/wp\/v2\/pages\/1173\/revisions\/2095"}],"wp:attachment":[{"href":"https:\/\/yeisonmontealegre.com\/ca\/wp-json\/wp\/v2\/media?parent=1173"}],"curies":[{"name":"wp","href":"https:\/\/api.w.org\/{rel}","templated":true}]}}